{"id":46,"date":"2019-10-06T11:57:33","date_gmt":"2019-10-06T11:57:33","guid":{"rendered":"http:\/\/grabser-jassmeisterschaft.ch\/?page_id=46"},"modified":"2024-11-14T11:39:47","modified_gmt":"2024-11-14T11:39:47","slug":"hilfe-faq","status":"publish","type":"page","link":"https:\/\/grabser-jassmeisterschaft.ch\/index.php\/hilfe-faq\/","title":{"rendered":"Hilfe\/FAQ"},"content":{"rendered":"\n<p><strong>H\u00e4ufigste Fragen&nbsp;(FAQ Frequently Asked Questions)<\/strong><\/p>\n\n\n\n<p><\/p>\n\n\n\n<p><strong>Ist man als Mannschaftsmltglied automatisch auch Einzeljasser? Oder brauchts daf\u00fcr noch eine separate Anmeldung?<\/strong><br>&#8211;&nbsp;<em>Jedes Mannschaftsmitglied ist automatisch auch Einzeljasser., (und hat somit ebenfalls die Chance, zum Jassk\u00f6nig gekr\u00f6nt zu werden!)<\/em><\/p>\n\n\n\n<p><strong>Muss ich mich vorher anmelden? Oder kann ich mich auch am Abend noch nachmelden?<\/strong><br>&#8211;&nbsp;<em>F\u00fcr eine fr\u00fchzeitige Anmeldung ist das OK dankbar. Einzelne Nachmeldungen am Abend selber werden im Rahmen des verf\u00fcgbaren Platzes ber\u00fccksichtigt, aber ohne Garantie f\u00fcr eine Teilnahme. Gruppen m\u00fcssen sich bis zum gesetzten Termin anmelden und k\u00f6nnen sp\u00e4ter aus erfassungstechnischen nicht mehr gemeldet werden.<\/em><\/p>\n\n\n\n<p><strong>Ich m\u00f6chte gleich meine Kollegen\/Familien- oder Gruppenmitglieder mitanmelden. Geht das auf einem einzigen Formular?<\/strong><br>&#8211;\u00a0<em> Bei elektronischer Anmeldung \u00fcbers Online-Formular im Internet k\u00f6nnen weitere Kollegen, Familien- oder Gruppenmitglieder gemeldet werden.<\/em> Beim Anmeldeformular im Dezember-Gemeindeblatt am besten pro Teilnehmer eine separate Kopie machen. <\/p>\n\n\n\n<p><strong>K\u00f6nnen wir nur im Gruppenwettkampf, nicht aber im Einzelwettkampf teilnehmen?<\/strong><br>&#8211;&nbsp;<em>Nein! Teilnahme am Einzelwettkampf ist obligatorisch. Gruppenwettkampf ist freiwillig!<\/em><\/p>\n\n\n\n<p><strong>Wir 6 Kollegen m\u00f6chten gerne eine Gruppe bilden. Geht das!<\/strong><br>&#8211;&nbsp;<em>Nein! Eine Gruppe muss fix aus 4 Teilnehmern bestehen. Bei 8 k\u00f6nnen Sie 2 Gruppen melden.<\/em><\/p>\n\n\n\n<p><strong>Beitragsh\u00f6he? Wie und wann muss ich den Beitrag zahlen?<\/strong><br><em>&#8211;&nbsp;Beitrag pro Person CHF 20. Einzeljasser zahlen an der Abendkasse. Gruppen erhalten vorher eine Rechnung mit der Bitte um Voraus-Einzahlung. (Dies um die Abendkasse administrativ zu entlasten.)<\/em><\/p>\n\n\n\n<p><strong>Wir w\u00fcrden gerne zu zweit immer in der selben Viererrunde mitspielen, damit wir uns helfen k\u00f6nnen. Geht das??<\/strong><br>&#8211;&nbsp;<em>Sch\u00f6n w\u00e4rs! Aus naheliegenden Gr\u00fcnden geht das nicht. Nach der ersten Runde werden die Tische gewechselt, so dass man immer mit neuen Leuten zusammen ist!<\/em><\/p>\n\n\n\n<p><strong>Gendersprache:<\/strong> Wir wissen es. Nat\u00fcrlich gibt es Jasserinnen und Jasser, Schreiberinnen und Schreiber, Spielerinnen und Spieler, Geberinnen und Geber, Jass-K\u00f6niginnen und K\u00f6nige, Sponsorinnen und Sponsoren, und &#8222;Mann&#8220;schaften, die nicht nur aus M\u00e4nnern bestehen. Der Einfachheit halber steht, vor allem im Reglement, meist nur eine Form. Und die 4er-&#8222;Mann&#8220;schaften lassen wir bewusst so stehen, um Verwechslungen mit den Grabser-Cup-&#8222;Teams&#8220; zu vermeiden. <\/p>\n\n\n\n<p>Weitere Fragen bitte direkt an&nbsp;<a href=\"mailto:jassmeisterschaft@grabser-choere.ch\" target=\"_blank\" rel=\"noreferrer noopener\">jassmeisterschaft@grabser-choere.ch<\/a>&nbsp;oder an ein OK-Mitglied<\/p>\n","protected":false},"excerpt":{"rendered":"<p>H\u00e4ufigste Fragen&nbsp;(FAQ Frequently Asked Questions) Ist man als Mannschaftsmltglied automatisch auch Einzeljasser? Oder brauchts daf\u00fcr noch eine separate Anmeldung?&#8211;&nbsp;Jedes Mannschaftsmitglied ist automatisch auch Einzeljasser., (und hat somit ebenfalls die Chance, zum Jassk\u00f6nig gekr\u00f6nt zu werden!) Muss ich mich vorher anmelden? Oder kann ich mich auch am Abend noch nachmelden?&#8211;&nbsp;F\u00fcr eine fr\u00fchzeitige Anmeldung ist das OK [&hellip;]<\/p>\n","protected":false},"author":1,"featured_media":0,"parent":0,"menu_order":0,"comment_status":"closed","ping_status":"closed","template":"page-templates\/full-width.php","meta":{"footnotes":"","_links_to":"","_links_to_target":""},"class_list":["post-46","page","type-page","status-publish","hentry"],"_links":{"self":[{"href":"https:\/\/grabser-jassmeisterschaft.ch\/index.php\/wp-json\/wp\/v2\/pages\/46","targetHints":{"allow":["GET"]}}],"collection":[{"href":"https:\/\/grabser-jassmeisterschaft.ch\/index.php\/wp-json\/wp\/v2\/pages"}],"about":[{"href":"https:\/\/grabser-jassmeisterschaft.ch\/index.php\/wp-json\/wp\/v2\/types\/page"}],"author":[{"embeddable":true,"href":"https:\/\/grabser-jassmeisterschaft.ch\/index.php\/wp-json\/wp\/v2\/users\/1"}],"replies":[{"embeddable":true,"href":"https:\/\/grabser-jassmeisterschaft.ch\/index.php\/wp-json\/wp\/v2\/comments?post=46"}],"version-history":[{"count":18,"href":"https:\/\/grabser-jassmeisterschaft.ch\/index.php\/wp-json\/wp\/v2\/pages\/46\/revisions"}],"predecessor-version":[{"id":1463,"href":"https:\/\/grabser-jassmeisterschaft.ch\/index.php\/wp-json\/wp\/v2\/pages\/46\/revisions\/1463"}],"wp:attachment":[{"href":"https:\/\/grabser-jassmeisterschaft.ch\/index.php\/wp-json\/wp\/v2\/media?parent=46"}],"curies":[{"name":"wp","href":"https:\/\/api.w.org\/{rel}","templated":true}]}}