{"id":38,"date":"2019-10-06T11:49:05","date_gmt":"2019-10-06T11:49:05","guid":{"rendered":"http:\/\/grabser-jassmeisterschaft.ch\/?page_id=38"},"modified":"2025-11-03T14:46:32","modified_gmt":"2025-11-03T14:46:32","slug":"reglement","status":"publish","type":"page","link":"https:\/\/grabser-jassmeisterschaft.ch\/index.php\/reglement\/","title":{"rendered":"Reglement"},"content":{"rendered":"\n<p><em><strong>Pr\u00e4zisierung zu Punkt 1, &#8222;Handjass&#8220;. <\/strong>Beim Handjass gibt es nur Trumpf, kein Undenufe oder Obenabe. Der Trumpf entsteht durch Mischen und Ablupfen. St\u00f6ck und Wys und der Match z\u00e4hlen nicht, es z\u00e4hlen nur die 157 Kartenpunkte (inkl. Bauer und Nell und der letzte Stich). Jeder der 4 Jasser jasst nur f\u00fcr sich, ohne Partner.<\/em><\/p>\n\n\n\n<figure class=\"wp-block-image size-full\"><img loading=\"lazy\" decoding=\"async\" width=\"623\" height=\"909\" src=\"https:\/\/grabser-jassmeisterschaft.ch\/wp-content\/uploads\/2025\/11\/Jassreglement-ab2026.jpg\" alt=\"\" class=\"wp-image-1668\" srcset=\"https:\/\/grabser-jassmeisterschaft.ch\/wp-content\/uploads\/2025\/11\/Jassreglement-ab2026.jpg 623w, https:\/\/grabser-jassmeisterschaft.ch\/wp-content\/uploads\/2025\/11\/Jassreglement-ab2026-206x300.jpg 206w\" sizes=\"auto, (max-width: 623px) 100vw, 623px\" \/><\/figure>\n","protected":false},"excerpt":{"rendered":"<p>Pr\u00e4zisierung zu Punkt 1, &#8222;Handjass&#8220;. Beim Handjass gibt es nur Trumpf, kein Undenufe oder Obenabe. Der Trumpf entsteht durch Mischen und Ablupfen. St\u00f6ck und Wys und der Match z\u00e4hlen nicht, es z\u00e4hlen nur die 157 Kartenpunkte (inkl. Bauer und Nell und der letzte Stich). Jeder der 4 Jasser jasst nur f\u00fcr sich, ohne Partner.<\/p>\n","protected":false},"author":1,"featured_media":0,"parent":0,"menu_order":0,"comment_status":"closed","ping_status":"closed","template":"page-templates\/full-width.php","meta":{"footnotes":"","_links_to":"","_links_to_target":""},"class_list":["post-38","page","type-page","status-publish","hentry"],"_links":{"self":[{"href":"https:\/\/grabser-jassmeisterschaft.ch\/index.php\/wp-json\/wp\/v2\/pages\/38","targetHints":{"allow":["GET"]}}],"collection":[{"href":"https:\/\/grabser-jassmeisterschaft.ch\/index.php\/wp-json\/wp\/v2\/pages"}],"about":[{"href":"https:\/\/grabser-jassmeisterschaft.ch\/index.php\/wp-json\/wp\/v2\/types\/page"}],"author":[{"embeddable":true,"href":"https:\/\/grabser-jassmeisterschaft.ch\/index.php\/wp-json\/wp\/v2\/users\/1"}],"replies":[{"embeddable":true,"href":"https:\/\/grabser-jassmeisterschaft.ch\/index.php\/wp-json\/wp\/v2\/comments?post=38"}],"version-history":[{"count":5,"href":"https:\/\/grabser-jassmeisterschaft.ch\/index.php\/wp-json\/wp\/v2\/pages\/38\/revisions"}],"predecessor-version":[{"id":1672,"href":"https:\/\/grabser-jassmeisterschaft.ch\/index.php\/wp-json\/wp\/v2\/pages\/38\/revisions\/1672"}],"wp:attachment":[{"href":"https:\/\/grabser-jassmeisterschaft.ch\/index.php\/wp-json\/wp\/v2\/media?parent=38"}],"curies":[{"name":"wp","href":"https:\/\/api.w.org\/{rel}","templated":true}]}}