{"id":32,"date":"2019-10-06T11:46:46","date_gmt":"2019-10-06T11:46:46","guid":{"rendered":"http:\/\/grabser-jassmeisterschaft.ch\/?page_id=32"},"modified":"2026-01-10T10:35:27","modified_gmt":"2026-01-10T10:35:27","slug":"programm-ablauf","status":"publish","type":"page","link":"https:\/\/grabser-jassmeisterschaft.ch\/index.php\/programm-ablauf\/","title":{"rendered":"Programm\/Ablauf"},"content":{"rendered":"\n<p><strong><em> Grabser Jassmeisterschaft, MZH Unterdorf, Grabs<\/em><\/strong><\/p>\n\n\n\n<p><strong>Vorgehen bei Verhinderung an der Teilnahme<\/strong>: <br>Bitte fr\u00fchzeitig, allersp\u00e4testens am Jass-Freitag morgen, sich abmelden (da die freien Pl\u00e4tze zwingend umbesetzt werden m\u00fcssen)<br><strong>Mannschaften: Abmeldung\/\u00c4nderung von Teilnehmern<\/strong>: Auch Mannschaften m\u00fcssen einzelne Ausf\u00e4lle fr\u00fchzeitig melden! Am einfachsten ist es, wenn f\u00fcr eine verhinderte Person die Mannschaft gleich einen Ersatz nachmeldet. Auch diese \u00c4nderungen sind fr\u00fchzeitig sobald bekannt, sp\u00e4testens aber am Jass-Freitag morgen, mitzuteilen. Bitte beim Melden eines Ersatzjassers zwingend angeben, ob dieser Jasser bereits als Einzeljasser angemeldet ist oder ob es sich um eine komplette Neuanmeldung handelt!<\/p>\n\n\n\n<p><strong>Ablauf:<\/strong><\/p>\n\n\n\n<p><strong>18.00 Uhr: Saal\u00f6ffnung, f\u00fcr m\u00f6glichst fr\u00fchzeitiges Erscheinen sind wir dankbar!<\/strong><br>                    neue Einzel-Anmeldungen sind noch bis 19.00 h m\u00f6glich<\/p>\n\n\n\n<p><strong>19.15 Uhr: alle Teilnehmenden nehmen die Sitzpl\u00e4tze ein<\/strong><br>anschliessend Begr\u00fcssung und organisatorische Hinweise<\/p>\n\n\n\n<p>19.30 Uhr: P\u00fcnktlicher Beginn des 1. Durchganges<br>ca. 20.15 h 2. Durchgang; ca. 21.00 h 3. Durchgang; ca 21.45 h 4. Durchgang<br>22.30 Uhr: Sch\u00e4tzwettbewerb<\/p>\n\n\n\n<p>23.00 Uhr: Rangverlesen, Einzel\/Mannschaft, Fototermin<\/p>\n\n\n\n<p>23.30 Uhr: Gewinner Sch\u00e4tzwettbewerb, anschliessend Ausklang \/ freies Jassen<\/p>\n\n\n\n<p>02.00 Uhr: Polizeistunde, Schluss der Veranstaltung<\/p>\n\n\n\n<p><em><strong>Den ganzen Abend steht eine leistungsf\u00e4hige Festwirtschaft bereit!<\/strong><\/em><br><\/p>\n","protected":false},"excerpt":{"rendered":"<p>Grabser Jassmeisterschaft, MZH Unterdorf, Grabs Vorgehen bei Verhinderung an der Teilnahme: Bitte fr\u00fchzeitig, allersp\u00e4testens am Jass-Freitag morgen, sich abmelden (da die freien Pl\u00e4tze zwingend umbesetzt werden m\u00fcssen)Mannschaften: Abmeldung\/\u00c4nderung von Teilnehmern: Auch Mannschaften m\u00fcssen einzelne Ausf\u00e4lle fr\u00fchzeitig melden! Am einfachsten ist es, wenn f\u00fcr eine verhinderte Person die Mannschaft gleich einen Ersatz nachmeldet. Auch diese \u00c4nderungen [&hellip;]<\/p>\n","protected":false},"author":1,"featured_media":0,"parent":0,"menu_order":0,"comment_status":"closed","ping_status":"closed","template":"page-templates\/full-width.php","meta":{"footnotes":"","_links_to":"","_links_to_target":""},"class_list":["post-32","page","type-page","status-publish","hentry"],"_links":{"self":[{"href":"https:\/\/grabser-jassmeisterschaft.ch\/index.php\/wp-json\/wp\/v2\/pages\/32","targetHints":{"allow":["GET"]}}],"collection":[{"href":"https:\/\/grabser-jassmeisterschaft.ch\/index.php\/wp-json\/wp\/v2\/pages"}],"about":[{"href":"https:\/\/grabser-jassmeisterschaft.ch\/index.php\/wp-json\/wp\/v2\/types\/page"}],"author":[{"embeddable":true,"href":"https:\/\/grabser-jassmeisterschaft.ch\/index.php\/wp-json\/wp\/v2\/users\/1"}],"replies":[{"embeddable":true,"href":"https:\/\/grabser-jassmeisterschaft.ch\/index.php\/wp-json\/wp\/v2\/comments?post=32"}],"version-history":[{"count":12,"href":"https:\/\/grabser-jassmeisterschaft.ch\/index.php\/wp-json\/wp\/v2\/pages\/32\/revisions"}],"predecessor-version":[{"id":1832,"href":"https:\/\/grabser-jassmeisterschaft.ch\/index.php\/wp-json\/wp\/v2\/pages\/32\/revisions\/1832"}],"wp:attachment":[{"href":"https:\/\/grabser-jassmeisterschaft.ch\/index.php\/wp-json\/wp\/v2\/media?parent=32"}],"curies":[{"name":"wp","href":"https:\/\/api.w.org\/{rel}","templated":true}]}}